{"id":9,"date":"2018-09-04T08:33:24","date_gmt":"2018-09-04T06:33:24","guid":{"rendered":"http:\/\/atelierchanson.fr\/wp\/?page_id=9"},"modified":"2025-12-31T14:39:37","modified_gmt":"2025-12-31T13:39:37","slug":"a-propos-de","status":"publish","type":"page","link":"http:\/\/atelierchanson.fr\/","title":{"rendered":"Bienvenue sur le site de l&rsquo;Atelier Chanson !"},"content":{"rendered":"\n<p>En 2026 L&rsquo;Atelier Chanson reprend ses s\u00e9ances hebdomadaires le 7 janvier \u00e0 17 h.( les horaires des s\u00e9ances seront fix\u00e9s par les adh\u00e9rent.e.s \u00e0 jour de cotisation ). Stages de journ\u00e9e le samedi : dates \u00e0 pr\u00e9ciser,<\/p>\n\n\n\n<p class=\"has-text-align-left\">Situ\u00e9 en plein coeur du quartier latin, \u00e0 Paris, l&rsquo;<span style=\"color: #008000;\"><strong>Atelier Chanson<\/strong><\/span> <span class=\"txt_1\">est un lieu de travail et d\u2019initiation autour de l\u2019objet artistique Chanson<\/span> , tous styles,toutes \u00e9poques, toutes langues  Rencontrons nous autour de vos projets autour de la chanson sur le r\u00e9pertoire que vous proposez.<\/p>\n\n\n\n<p>Des sessions\/soir\u00e9es &amp; CO sont&nbsp; pr\u00e9vues&nbsp;&nbsp; et son local\/studio d&rsquo;enregistrement  Cubase 14 accueille vos projets musicaux .<\/p>\n\n\n\n<p class=\"has-text-align-center\">N&rsquo;h\u00e9sitez pas \u00e0 nous contacter pour une visite-s\u00e9ance d\u00e9couverte sans engagements.<em>         \u00ab\u00a0Croisons nos vies \/&nbsp; nos voix de temps de temps&#8230;..\u00a0\u00bb<\/em><\/p>\n\n\n\n<figure class=\"wp-block-image size-full\"><img loading=\"lazy\" decoding=\"async\" width=\"870\" height=\"1200\" src=\"https:\/\/atelierchanson.fr\/wp-content\/uploads\/2025\/08\/ATC-Com-S25.26-v1.0_lo-web.png\" alt=\"\" class=\"wp-image-328\" srcset=\"http:\/\/atelierchanson.fr\/wp-content\/uploads\/2025\/08\/ATC-Com-S25.26-v1.0_lo-web.png 870w, http:\/\/atelierchanson.fr\/wp-content\/uploads\/2025\/08\/ATC-Com-S25.26-v1.0_lo-web-218x300.png 218w, http:\/\/atelierchanson.fr\/wp-content\/uploads\/2025\/08\/ATC-Com-S25.26-v1.0_lo-web-742x1024.png 742w, http:\/\/atelierchanson.fr\/wp-content\/uploads\/2025\/08\/ATC-Com-S25.26-v1.0_lo-web-768x1059.png 768w\" sizes=\"auto, (max-width: 767px) 89vw, (max-width: 1000px) 54vw, (max-width: 1071px) 543px, 580px\" \/><\/figure>\n\n\n\n<ul class=\"wp-block-list\">\n<li><a href=\"http:\/\/atelierchanson.fr\/?page_id=31\">L&rsquo;association<\/a><\/li>\n\n\n\n<li><a href=\"http:\/\/atelierchanson.fr\/?page_id=10\">Contact<\/a><\/li>\n<\/ul>\n\n\n\n<p><script class=\"ai1ec-widget-placeholder\" data-widget=\"ai1ec_agenda_widget\" data-events_seek_type=\"events\" data-events_per_page=\"5\">   (function(){var d=document,s=d.createElement('script'),   i='ai1ec-script';if(d.getElementById(i))return;s.async=1;   s.id=i;s.src='\/\/atelierchanson.fr\/?ai1ec_js_widget';   d.getElementsByTagName('head')[0].appendChild(s);})(); <\/script><\/p>\n\n\n\n<p><\/p>\n","protected":false},"excerpt":{"rendered":"<p>En 2026 L&rsquo;Atelier Chanson reprend ses s\u00e9ances hebdomadaires le 7 janvier \u00e0 17 h.( les horaires des s\u00e9ances seront fix\u00e9s par les adh\u00e9rent.e.s \u00e0 jour de cotisation ). Stages de journ\u00e9e le samedi : dates \u00e0 pr\u00e9ciser, Situ\u00e9 en plein coeur du quartier latin, \u00e0 Paris, l&rsquo;Atelier Chanson est un lieu de travail et d\u2019initiation &hellip; <\/p>\n<p class=\"link-more\"><a href=\"http:\/\/atelierchanson.fr\/\" class=\"more-link\">Continuer la lecture<span class=\"screen-reader-text\"> de &laquo;&nbsp;Bienvenue sur le site de l&rsquo;Atelier Chanson !&nbsp;&raquo;<\/span><\/a><\/p>\n","protected":false},"author":1,"featured_media":0,"parent":0,"menu_order":0,"comment_status":"closed","ping_status":"closed","template":"","meta":{"footnotes":""},"class_list":["post-9","page","type-page","status-publish","hentry"],"_links":{"self":[{"href":"http:\/\/atelierchanson.fr\/index.php?rest_route=\/wp\/v2\/pages\/9","targetHints":{"allow":["GET"]}}],"collection":[{"href":"http:\/\/atelierchanson.fr\/index.php?rest_route=\/wp\/v2\/pages"}],"about":[{"href":"http:\/\/atelierchanson.fr\/index.php?rest_route=\/wp\/v2\/types\/page"}],"author":[{"embeddable":true,"href":"http:\/\/atelierchanson.fr\/index.php?rest_route=\/wp\/v2\/users\/1"}],"replies":[{"embeddable":true,"href":"http:\/\/atelierchanson.fr\/index.php?rest_route=%2Fwp%2Fv2%2Fcomments&post=9"}],"version-history":[{"count":41,"href":"http:\/\/atelierchanson.fr\/index.php?rest_route=\/wp\/v2\/pages\/9\/revisions"}],"predecessor-version":[{"id":336,"href":"http:\/\/atelierchanson.fr\/index.php?rest_route=\/wp\/v2\/pages\/9\/revisions\/336"}],"wp:attachment":[{"href":"http:\/\/atelierchanson.fr\/index.php?rest_route=%2Fwp%2Fv2%2Fmedia&parent=9"}],"curies":[{"name":"wp","href":"https:\/\/api.w.org\/{rel}","templated":true}]}}